{"id":61,"date":"2015-03-02T04:38:49","date_gmt":"2015-03-02T03:38:49","guid":{"rendered":"http:\/\/structure.thememove.com\/?page_id=61"},"modified":"2019-01-11T06:19:19","modified_gmt":"2019-01-11T05:19:19","slug":"company","status":"publish","type":"page","link":"https:\/\/ribeirosas.fr\/index.php\/company\/","title":{"rendered":"L&rsquo;ENTREPRISE"},"content":{"rendered":"<p>[vc_row css=\u00a0\u00bb.vc_custom_1433564201242{margin-top: 20px !important;margin-bottom: 70px !important;}\u00a0\u00bb][vc_column width=\u00a0\u00bb1\/4&Prime;][vc_column_text][vc_widget_sidebar sidebar_id=\u00a0\u00bbsidebar\u00a0\u00bb][\/vc_column_text][\/vc_column][vc_column width=\u00a0\u00bb3\/4&Prime;][vc_custom_heading text=\u00a0\u00bb\u00c0 PROPOS DE NOUS\u00a0\u00bb font_container=\u00a0\u00bbtag:h2|font_size:20|text_align:left|color:%23111111&Prime; el_class=\u00a0\u00bbheading-title-3&Prime;][vc_column_text]<\/p>\n<p class=\"p1\"><span class=\"s1\">La soci\u00e9t\u00e9 RIBEIRO S.A.S est avant tout une entreprise g\u00e9n\u00e9ral de b\u00e2timent fond\u00e9e en avril 2013 qui intervient sur toute l\u2019\u00eele de France.<\/span><\/p>\n<p class=\"p1\"><span class=\"s1\">Nous sommes sp\u00e9cialistes dans la r\u00e9novation int\u00e9rieure et ext\u00e9rieure, \u00e9lectricit\u00e9, plomberie, rev\u00eatement de sol, menuiserie, peinture et couverture.<\/span><\/p>\n<p class=\"p1\"><span class=\"s1\">On s\u2019occupe de tous pour vous, afin de rapporter plus de confort dans votre futur maison ou appartement et aussi dans votre vie. <\/span><\/p>\n<p>\u00a0[\/vc_column_text][vc_custom_heading text=\u00a0\u00bbNOTRE MISSION\u00a0\u00bb font_container=\u00a0\u00bbtag:h2|font_size:20|text_align:left|color:%23111111&Prime; el_class=\u00a0\u00bbheading-title-3&Prime; css=\u00a0\u00bb.vc_custom_1538606257621{margin-top: 30px !important;}\u00a0\u00bb][vc_row_inner el_class=\u00a0\u00bbalign-center .certifications-block\u00a0\u00bb][vc_column_inner width=\u00a0\u00bb1\/3&Prime;][vc_column_text]<\/p>\n<h4><img loading=\"lazy\" decoding=\"async\" class=\"alignnone size-full wp-image-75034\" src=\"https:\/\/ribeirosas.fr\/wp-content\/uploads\/2018\/10\/simbolo1.jpg\" alt=\"\" width=\"270\" height=\"180\" \/><\/h4>\n<h4>QUALIT\u00c9<\/h4>\n<p><span class=\"s2\">Personnel exp\u00e9rimente et qualifier<\/span>[\/vc_column_text][\/vc_column_inner][vc_column_inner width=\u00a0\u00bb1\/3&Prime;][vc_column_text]<\/p>\n<h4><img loading=\"lazy\" decoding=\"async\" class=\"alignnone size-full wp-image-75035\" src=\"https:\/\/ribeirosas.fr\/wp-content\/uploads\/2018\/10\/simbolo2.jpg\" alt=\"\" width=\"270\" height=\"180\" \/><\/h4>\n<h4>R\u00c8GLES<\/h4>\n<p><span class=\"s2\">Respect des normes en vigueur <\/span>[\/vc_column_text][\/vc_column_inner][vc_column_inner width=\u00a0\u00bb1\/3&Prime;][vc_column_text]<\/p>\n<h4><img loading=\"lazy\" decoding=\"async\" class=\"alignnone size-full wp-image-75036\" src=\"https:\/\/ribeirosas.fr\/wp-content\/uploads\/2018\/10\/simbolo3.jpg\" alt=\"\" width=\"270\" height=\"180\" \/><\/h4>\n<h4>DURABILIT\u00c9<\/h4>\n<p><span class=\"s2\">Respect de l\u2019environnement <\/span>[\/vc_column_text][\/vc_column_inner][\/vc_row_inner][\/vc_column][\/vc_row][vc_row el_class=\u00a0\u00bbintro4 align-center min-box\u00a0\u00bb full_width=\u00a0\u00bbstretch_row_content\u00a0\u00bb css=\u00a0\u00bb.vc_custom_1433564144185{margin-bottom: 0px !important;background-color: #fdc502 !important;}\u00a0\u00bb][vc_column width=\u00a0\u00bb2\/3&Prime;][vc_custom_heading text=\u00a0\u00bbVous avez des projets? Demand\u00e9 un devis, c&rsquo;est gratuit!\u00a0\u00bb font_container=\u00a0\u00bbtag:h3|font_size:22|text_align:center|color:%23ffffff\u00a0\u00bb][\/vc_column][vc_column width=\u00a0\u00bb1\/3&Prime;][vc_btn title=\u00a0\u00bbOBTENIR UN DEVIS\u00a0\u00bb style=\u00a0\u00bboutline\u00a0\u00bb shape=\u00a0\u00bbsquare\u00a0\u00bb color=\u00a0\u00bbwhite\u00a0\u00bb link=\u00a0\u00bburl:%23||\u00a0\u00bb][\/vc_column][\/vc_row]<\/p>\n","protected":false},"excerpt":{"rendered":"<p>[vc_row css=\u00a0\u00bb.vc_custom_1433564201242{margin-top: 20px !important;margin-bottom: 70px !important;}\u00a0\u00bb][vc_column width=\u00a0\u00bb1\/4&Prime;][vc_column_text][vc_widget_sidebar sidebar_id=\u00a0\u00bbsidebar\u00a0\u00bb][\/vc_column_text][\/vc_column][vc_column width=\u00a0\u00bb3\/4&Prime;][vc_custom_heading text=\u00a0\u00bb\u00c0 PROPOS DE NOUS\u00a0\u00bb font_container=\u00a0\u00bbtag:h2|font_size:20|text_align:left|color:%23111111&Prime; el_class=\u00a0\u00bbheading-title-3&Prime;][vc_column_text] La soci\u00e9t\u00e9 RIBEIRO S.A.S est avant tout une entreprise g\u00e9n\u00e9ral de b\u00e2timent fond\u00e9e en avril 2013 qui intervient sur toute l\u2019\u00eele de France. Nous sommes sp\u00e9cialistes dans la r\u00e9novation int\u00e9rieure et ext\u00e9rieure, \u00e9lectricit\u00e9, plomberie, rev\u00eatement de sol, menuiserie, peinture et [&hellip;]<\/p>\n","protected":false},"author":1,"featured_media":0,"parent":0,"menu_order":0,"comment_status":"closed","ping_status":"closed","template":"","meta":{"footnotes":""},"class_list":["post-61","page","type-page","status-publish","hentry"],"_links":{"self":[{"href":"https:\/\/ribeirosas.fr\/index.php\/wp-json\/wp\/v2\/pages\/61","targetHints":{"allow":["GET"]}}],"collection":[{"href":"https:\/\/ribeirosas.fr\/index.php\/wp-json\/wp\/v2\/pages"}],"about":[{"href":"https:\/\/ribeirosas.fr\/index.php\/wp-json\/wp\/v2\/types\/page"}],"author":[{"embeddable":true,"href":"https:\/\/ribeirosas.fr\/index.php\/wp-json\/wp\/v2\/users\/1"}],"replies":[{"embeddable":true,"href":"https:\/\/ribeirosas.fr\/index.php\/wp-json\/wp\/v2\/comments?post=61"}],"version-history":[{"count":12,"href":"https:\/\/ribeirosas.fr\/index.php\/wp-json\/wp\/v2\/pages\/61\/revisions"}],"predecessor-version":[{"id":75270,"href":"https:\/\/ribeirosas.fr\/index.php\/wp-json\/wp\/v2\/pages\/61\/revisions\/75270"}],"wp:attachment":[{"href":"https:\/\/ribeirosas.fr\/index.php\/wp-json\/wp\/v2\/media?parent=61"}],"curies":[{"name":"wp","href":"https:\/\/api.w.org\/{rel}","templated":true}]}}